{"id":50,"date":"2016-02-12T15:51:16","date_gmt":"2016-02-12T14:51:16","guid":{"rendered":"http:\/\/stmeme-stlouis.fr\/?page_id=50"},"modified":"2020-02-26T12:43:14","modified_gmt":"2020-02-26T11:43:14","slug":"reglement-interieur","status":"publish","type":"page","link":"https:\/\/stmeme-stlouis.fr\/?page_id=50","title":{"rendered":"R\u00e8glement int\u00e9rieur"},"content":{"rendered":"<p style=\"text-align: center;\"><strong><span style=\"color: #ff6600;\">Voici le r\u00e8glement int\u00e9rieur \u00e9labor\u00e9 par l&#8217;\u00e9quipe enseignante<\/span><\/strong><\/p>\n<iframe src=\"\/\/docs.google.com\/viewer?url=http%3A%2F%2Fstmeme-stlouis.fr%2Fwp-content%2Fuploads%2F2020%2F02%2FVersion-F%C3%A9vrier-2020.pdf&hl=fr&embedded=true\" class=\"gde-frame\" style=\"width:100%; height:500px; border: none;\" scrolling=\"no\"><\/iframe>\n<p class=\"gde-text\"><a href=\"http:\/\/stmeme-stlouis.fr\/wp-content\/uploads\/2020\/02\/Version-F\u00e9vrier-2020.pdf\" class=\"gde-link\">T\u00e9l\u00e9charger (PDF, 580KB)<\/a><\/p>\n","protected":false},"excerpt":{"rendered":"<p>Voici le r\u00e8glement int\u00e9rieur \u00e9labor\u00e9 par l&#8217;\u00e9quipe enseignante<\/p>\n","protected":false},"author":2,"featured_media":0,"parent":0,"menu_order":0,"comment_status":"closed","ping_status":"closed","template":"","meta":{"footnotes":""},"_links":{"self":[{"href":"https:\/\/stmeme-stlouis.fr\/index.php?rest_route=\/wp\/v2\/pages\/50"}],"collection":[{"href":"https:\/\/stmeme-stlouis.fr\/index.php?rest_route=\/wp\/v2\/pages"}],"about":[{"href":"https:\/\/stmeme-stlouis.fr\/index.php?rest_route=\/wp\/v2\/types\/page"}],"author":[{"embeddable":true,"href":"https:\/\/stmeme-stlouis.fr\/index.php?rest_route=\/wp\/v2\/users\/2"}],"replies":[{"embeddable":true,"href":"https:\/\/stmeme-stlouis.fr\/index.php?rest_route=%2Fwp%2Fv2%2Fcomments&post=50"}],"version-history":[{"count":11,"href":"https:\/\/stmeme-stlouis.fr\/index.php?rest_route=\/wp\/v2\/pages\/50\/revisions"}],"predecessor-version":[{"id":2813,"href":"https:\/\/stmeme-stlouis.fr\/index.php?rest_route=\/wp\/v2\/pages\/50\/revisions\/2813"}],"wp:attachment":[{"href":"https:\/\/stmeme-stlouis.fr\/index.php?rest_route=%2Fwp%2Fv2%2Fmedia&parent=50"}],"curies":[{"name":"wp","href":"https:\/\/api.w.org\/{rel}","templated":true}]}}