{"id":3796,"date":"2022-12-04T22:25:20","date_gmt":"2022-12-04T21:25:20","guid":{"rendered":"https:\/\/stmeme-stlouis.fr\/?page_id=3796"},"modified":"2025-10-27T16:45:09","modified_gmt":"2025-10-27T15:45:09","slug":"apel-composition-du-bureau","status":"publish","type":"page","link":"https:\/\/stmeme-stlouis.fr\/?page_id=3796","title":{"rendered":"APEL &#8211; Composition du bureau"},"content":{"rendered":"<p>L&#8217;APEL est n\u00e9e au d\u00e9but de l&#8217;ann\u00e9e scolaire 2022!<\/p>\n<p>Apr\u00e8s l&#8217;AG d&#8217;octobre 2024, voici la composition du bureau :<\/p>\n<p>Pr\u00e9sidente : Carole DESNOES<\/p>\n<p>Vice pr\u00e9sidente : Elisa DERAME<\/p>\n<p>Tr\u00e9sori\u00e8re : Marine FREMONDIERE<\/p>\n<p>Vice tr\u00e9sori\u00e8re : M\u00e9lanie BOUCARD<\/p>\n<p>Secr\u00e9taire : Nadine BARREAU<\/p>\n<p>Vice secr\u00e9taire : Camille D&#8217;ASTORG<\/p>\n<p>Membres : Gw\u00e9na\u00eblle BENOIT, Cristina CARP, Christelle JOST, Eva ROUX, Sandra GERALDES, M\u00e9lanie GODARD, Justine BILLON GAILLET, Tiffany JEAN-DENIS<\/p>\n","protected":false},"excerpt":{"rendered":"<p>L&#8217;APEL est n\u00e9e au d\u00e9but de l&#8217;ann\u00e9e scolaire 2022! Apr\u00e8s l&#8217;AG d&#8217;octobre 2024, voici la composition du bureau : Pr\u00e9sidente : Carole DESNOES Vice pr\u00e9sidente : Elisa DERAME Tr\u00e9sori\u00e8re : Marine FREMONDIERE Vice tr\u00e9sori\u00e8re : M\u00e9lanie BOUCARD Secr\u00e9taire : Nadine BARREAU Vice secr\u00e9taire : Camille D&#8217;ASTORG Membres : Gw\u00e9na\u00eblle BENOIT, Cristina CARP, Christelle JOST, Eva<\/p>\n<p><a href=\"https:\/\/stmeme-stlouis.fr\/?page_id=3796\" class=\"more-link themebutton\">Lire la suite<\/a><\/p>\n","protected":false},"author":2,"featured_media":0,"parent":0,"menu_order":0,"comment_status":"closed","ping_status":"closed","template":"","meta":{"footnotes":""},"_links":{"self":[{"href":"https:\/\/stmeme-stlouis.fr\/index.php?rest_route=\/wp\/v2\/pages\/3796"}],"collection":[{"href":"https:\/\/stmeme-stlouis.fr\/index.php?rest_route=\/wp\/v2\/pages"}],"about":[{"href":"https:\/\/stmeme-stlouis.fr\/index.php?rest_route=\/wp\/v2\/types\/page"}],"author":[{"embeddable":true,"href":"https:\/\/stmeme-stlouis.fr\/index.php?rest_route=\/wp\/v2\/users\/2"}],"replies":[{"embeddable":true,"href":"https:\/\/stmeme-stlouis.fr\/index.php?rest_route=%2Fwp%2Fv2%2Fcomments&post=3796"}],"version-history":[{"count":5,"href":"https:\/\/stmeme-stlouis.fr\/index.php?rest_route=\/wp\/v2\/pages\/3796\/revisions"}],"predecessor-version":[{"id":4209,"href":"https:\/\/stmeme-stlouis.fr\/index.php?rest_route=\/wp\/v2\/pages\/3796\/revisions\/4209"}],"wp:attachment":[{"href":"https:\/\/stmeme-stlouis.fr\/index.php?rest_route=%2Fwp%2Fv2%2Fmedia&parent=3796"}],"curies":[{"name":"wp","href":"https:\/\/api.w.org\/{rel}","templated":true}]}}