{"id":33,"date":"2016-02-12T15:21:57","date_gmt":"2016-02-12T14:21:57","guid":{"rendered":"http:\/\/stmeme-stlouis.fr\/?page_id=33"},"modified":"2024-12-18T23:04:31","modified_gmt":"2024-12-18T22:04:31","slug":"ou-sommes-nous","status":"publish","type":"page","link":"https:\/\/stmeme-stlouis.fr\/?page_id=33","title":{"rendered":"Qui sommes-nous ?"},"content":{"rendered":"<p>&nbsp;<\/p>\n<h1><span style=\"color: #0000ff;\"><strong>Ecole St Louis<\/strong><\/span><\/h1>\n<p>30 rue de la Ville en Bois<\/p>\n<p>St M\u00eame le Tenu<br \/>\n44 270&nbsp;<strong><em>Machecoul-St-M\u00eame<\/em><\/strong><\/p>\n<p><strong>02 40 76 08 38<\/strong><\/p>\n<p>Adresse email : direction@ecole-stlouis-msm.fr<\/p>\n<p>L&#8217;\u00e9cole St Louis est un \u00e9tablissement de 4 classes qui accueille 93 \u00e9l\u00e8ves<br \/>\nde la Petite Section de maternelle jusqu&#8217;au CM2 \u00e0 la rentr\u00e9e de septembre 2024.<\/p>\n<p>Je suis plus facilement joignable <span style=\"text-decoration: underline;\">le jeudi,<\/span> \u00e9tant d\u00e9charg\u00e9e de classe ce jour-l\u00e0.<\/p>\n<p>A bient\u00f4t !<\/p>\n<p><strong><em><span style=\"color: #0000ff;\">Catherine Merlet-Prou, Cheffe d&#8217;\u00e9tablissement<\/span><\/em><br \/>\n<\/strong><\/p>\n<p>&nbsp;<\/p>\n<p>&nbsp;<\/p>\n<p><iframe loading=\"lazy\" style=\"border: 0;\" src=\"https:\/\/www.google.com\/maps\/embed?pb=!1m18!1m12!1m3!1d4574.5630142487435!2d-1.7988454768482167!3d47.01959525140321!2m3!1f0!2f0!3f0!3m2!1i1024!2i768!4f13.1!3m3!1m2!1s0x4805bb33c40eb429%3A0x9d64dc31bf15eee1!2s30+Rue+de+la+ville+en+Bois%2C+44270+Saint-M%C3%AAme-le-Tenu!5e0!3m2!1sfr!2sfr!4v1455286830310\" width=\"600\" height=\"450\" frameborder=\"0\" allowfullscreen=\"allowfullscreen\"><\/iframe><\/p>\n","protected":false},"excerpt":{"rendered":"<p>&nbsp; Ecole St Louis 30 rue de la Ville en Bois St M\u00eame le Tenu 44 270&nbsp;Machecoul-St-M\u00eame 02 40 76 08 38 Adresse email : direction@ecole-stlouis-msm.fr L&#8217;\u00e9cole St Louis est un \u00e9tablissement de 4 classes qui accueille 93 \u00e9l\u00e8ves de la Petite Section de maternelle jusqu&#8217;au CM2 \u00e0 la rentr\u00e9e de septembre 2024. Je suis<\/p>\n<p><a href=\"https:\/\/stmeme-stlouis.fr\/?page_id=33\" class=\"more-link themebutton\">Lire la suite<\/a><\/p>\n","protected":false},"author":1,"featured_media":0,"parent":0,"menu_order":0,"comment_status":"closed","ping_status":"closed","template":"","meta":{"footnotes":""},"_links":{"self":[{"href":"https:\/\/stmeme-stlouis.fr\/index.php?rest_route=\/wp\/v2\/pages\/33"}],"collection":[{"href":"https:\/\/stmeme-stlouis.fr\/index.php?rest_route=\/wp\/v2\/pages"}],"about":[{"href":"https:\/\/stmeme-stlouis.fr\/index.php?rest_route=\/wp\/v2\/types\/page"}],"author":[{"embeddable":true,"href":"https:\/\/stmeme-stlouis.fr\/index.php?rest_route=\/wp\/v2\/users\/1"}],"replies":[{"embeddable":true,"href":"https:\/\/stmeme-stlouis.fr\/index.php?rest_route=%2Fwp%2Fv2%2Fcomments&post=33"}],"version-history":[{"count":12,"href":"https:\/\/stmeme-stlouis.fr\/index.php?rest_route=\/wp\/v2\/pages\/33\/revisions"}],"predecessor-version":[{"id":4213,"href":"https:\/\/stmeme-stlouis.fr\/index.php?rest_route=\/wp\/v2\/pages\/33\/revisions\/4213"}],"wp:attachment":[{"href":"https:\/\/stmeme-stlouis.fr\/index.php?rest_route=%2Fwp%2Fv2%2Fmedia&parent=33"}],"curies":[{"name":"wp","href":"https:\/\/api.w.org\/{rel}","templated":true}]}}