{"id":3228,"date":"2021-02-18T18:54:01","date_gmt":"2021-02-18T17:54:01","guid":{"rendered":"http:\/\/stmeme-stlouis.fr\/?page_id=3228"},"modified":"2021-02-19T11:11:46","modified_gmt":"2021-02-19T10:11:46","slug":"projet-chant-musique-et-danse-avec-vincent","status":"publish","type":"page","link":"https:\/\/stmeme-stlouis.fr\/?page_id=3228","title":{"rendered":"Projet chant Musique et Danse avec Vincent"},"content":{"rendered":"<p>Tous les lundis, depuis le 11 janvier, les \u00e9l\u00e8ves de GS-CP, CE1-CE2 et CM1-CM2 ont pratiqu\u00e9 le chant choral avec Vincent. En 6 s\u00e9ances, les enfants ont appris divers chants, ont fait des percussions corporelles, et ont travaill\u00e9 diff\u00e9rentes vocalises.<\/p>\n<p>Voici les enregistrements des \u00e9chauffements et des chants de chaque classe:<\/p>\n<p>Classe de GS-CP<\/p>\n<p><a href=\"https:\/\/youtu.be\/zOZocL45zIo\">Vocalises<\/a><\/p>\n<p><a href=\"https:\/\/youtu.be\/MJvoiHmwTxA\">I y a I y a o<\/a><\/p>\n<p><a href=\"https:\/\/youtu.be\/JsWgwyC0cY4\">Le 1000 pattes<\/a><\/p>\n<p><a href=\"https:\/\/youtu.be\/tviTu_5lPl8\">Animaux menteurs<\/a><\/p>\n<p><a href=\"https:\/\/youtu.be\/lCv8BjpC270\">Salutations<\/a><\/p>\n<p>Classe de CE1-CE2<\/p>\n<p><a href=\"https:\/\/youtu.be\/gGosjZ8GQ8g\">Echauffement<\/a><\/p>\n<p><a href=\"https:\/\/youtu.be\/bS9JwhCgUAc\">L&#8217;arbre est dans ses feuilles<\/a><\/p>\n<p><a href=\"https:\/\/youtu.be\/6rw8_-aXvfY\">Macatund\u00e9<\/a><\/p>\n<p><a href=\"https:\/\/youtu.be\/77btVOFJEoU\">Percussions et improvisations<\/a><\/p>\n<p>&nbsp;<\/p>\n<p>Classe de CM1-CM2<\/p>\n<p><a href=\"https:\/\/youtu.be\/BOrztoISb8Y\">Louise \u00e0 Babylone<\/a><\/p>\n<p><a href=\"https:\/\/youtu.be\/jtey8fQWk9E\">La confiture<\/a><\/p>\n<p><a href=\"https:\/\/youtu.be\/5t4vfQbSXZQ\">Bella ciao<\/a><\/p>\n<p>&nbsp;<\/p>\n","protected":false},"excerpt":{"rendered":"<p>Tous les lundis, depuis le 11 janvier, les \u00e9l\u00e8ves de GS-CP, CE1-CE2 et CM1-CM2 ont pratiqu\u00e9 le chant choral avec Vincent. En 6 s\u00e9ances, les enfants ont appris divers chants, ont fait des percussions corporelles, et ont travaill\u00e9 diff\u00e9rentes vocalises. Voici les enregistrements des \u00e9chauffements et des chants de chaque classe: Classe de GS-CP Vocalises<\/p>\n<p><a href=\"https:\/\/stmeme-stlouis.fr\/?page_id=3228\" class=\"more-link themebutton\">Lire la suite<\/a><\/p>\n","protected":false},"author":2,"featured_media":0,"parent":0,"menu_order":0,"comment_status":"closed","ping_status":"closed","template":"","meta":{"footnotes":""},"_links":{"self":[{"href":"https:\/\/stmeme-stlouis.fr\/index.php?rest_route=\/wp\/v2\/pages\/3228"}],"collection":[{"href":"https:\/\/stmeme-stlouis.fr\/index.php?rest_route=\/wp\/v2\/pages"}],"about":[{"href":"https:\/\/stmeme-stlouis.fr\/index.php?rest_route=\/wp\/v2\/types\/page"}],"author":[{"embeddable":true,"href":"https:\/\/stmeme-stlouis.fr\/index.php?rest_route=\/wp\/v2\/users\/2"}],"replies":[{"embeddable":true,"href":"https:\/\/stmeme-stlouis.fr\/index.php?rest_route=%2Fwp%2Fv2%2Fcomments&post=3228"}],"version-history":[{"count":12,"href":"https:\/\/stmeme-stlouis.fr\/index.php?rest_route=\/wp\/v2\/pages\/3228\/revisions"}],"predecessor-version":[{"id":3252,"href":"https:\/\/stmeme-stlouis.fr\/index.php?rest_route=\/wp\/v2\/pages\/3228\/revisions\/3252"}],"wp:attachment":[{"href":"https:\/\/stmeme-stlouis.fr\/index.php?rest_route=%2Fwp%2Fv2%2Fmedia&parent=3228"}],"curies":[{"name":"wp","href":"https:\/\/api.w.org\/{rel}","templated":true}]}}