{"id":1790,"date":"2018-10-28T11:25:17","date_gmt":"2018-10-28T10:25:17","guid":{"rendered":"http:\/\/stmeme-stlouis.fr\/?page_id=1790"},"modified":"2018-10-28T11:28:48","modified_gmt":"2018-10-28T10:28:48","slug":"appel-au-don","status":"publish","type":"page","link":"https:\/\/stmeme-stlouis.fr\/?page_id=1790","title":{"rendered":"Appel au don"},"content":{"rendered":"<p>Il est possible pour des particuliers comme pour des professionnels de faire un don afin de soutenir l&#8217;un ou l&#8217;autre des \u00e9tablissements du r\u00e9seau <strong><span style=\"color: #ff00ff;\">Enseignement Catholique.<\/span><\/strong><\/p>\n<p>Ce dispositif est encourag\u00e9 par des<strong><span style=\"color: #800080;\"> incitations fiscales<\/span><\/strong>.<\/p>\n<p>Pour obtenir davantage de renseignements, <a href=\"https:\/\/soutenir.ec44.fr\/\">cliquez-ici<\/a> !<\/p>\n","protected":false},"excerpt":{"rendered":"<p>Il est possible pour des particuliers comme pour des professionnels de faire un don afin de soutenir l&#8217;un ou l&#8217;autre des \u00e9tablissements du r\u00e9seau Enseignement Catholique. Ce dispositif est encourag\u00e9 par des incitations fiscales. Pour obtenir davantage de renseignements, cliquez-ici !<\/p>\n","protected":false},"author":2,"featured_media":0,"parent":0,"menu_order":0,"comment_status":"closed","ping_status":"closed","template":"","meta":{"footnotes":""},"_links":{"self":[{"href":"https:\/\/stmeme-stlouis.fr\/index.php?rest_route=\/wp\/v2\/pages\/1790"}],"collection":[{"href":"https:\/\/stmeme-stlouis.fr\/index.php?rest_route=\/wp\/v2\/pages"}],"about":[{"href":"https:\/\/stmeme-stlouis.fr\/index.php?rest_route=\/wp\/v2\/types\/page"}],"author":[{"embeddable":true,"href":"https:\/\/stmeme-stlouis.fr\/index.php?rest_route=\/wp\/v2\/users\/2"}],"replies":[{"embeddable":true,"href":"https:\/\/stmeme-stlouis.fr\/index.php?rest_route=%2Fwp%2Fv2%2Fcomments&post=1790"}],"version-history":[{"count":3,"href":"https:\/\/stmeme-stlouis.fr\/index.php?rest_route=\/wp\/v2\/pages\/1790\/revisions"}],"predecessor-version":[{"id":1794,"href":"https:\/\/stmeme-stlouis.fr\/index.php?rest_route=\/wp\/v2\/pages\/1790\/revisions\/1794"}],"wp:attachment":[{"href":"https:\/\/stmeme-stlouis.fr\/index.php?rest_route=%2Fwp%2Fv2%2Fmedia&parent=1790"}],"curies":[{"name":"wp","href":"https:\/\/api.w.org\/{rel}","templated":true}]}}