{"id":171,"date":"2016-02-15T16:59:27","date_gmt":"2016-02-15T15:59:27","guid":{"rendered":"http:\/\/stmeme-stlouis.fr\/?page_id=171"},"modified":"2019-06-06T10:24:42","modified_gmt":"2019-06-06T09:24:42","slug":"celebration","status":"publish","type":"page","link":"https:\/\/stmeme-stlouis.fr\/?page_id=171","title":{"rendered":"C\u00e9l\u00e9bration"},"content":{"rendered":"<h3 style=\"text-align: center;\"><span style=\"color: #99cc00;\"><strong>C\u00e9l\u00e9bration de la Pentec\u00f4te &#8211; Mardi 4 juin 2019<\/strong><\/span><\/h3>\n<p>Autour du P\u00e8re R\u00e9gis et de nos cat\u00e9chistes, nous nous sommes retrouv\u00e9s pour c\u00e9l\u00e9brer tous ensemble le don de l&#8217;Esprit Saint.<\/p>\n<p>Nous avions r\u00e9alis\u00e9 \u00e0 l&#8217;\u00e9cole un beau support reproduisant un vitrail. Chaque classe a ensuite confectionn\u00e9 un bricolage qui rappelle le souffle de l&#8217;Esprit Saint.<\/p>\n<p>Nous avons enfin \u00e9chang\u00e9 \u00e0 la fin de la c\u00e9l\u00e9bration des colombes en papier que nous avions d\u00e9cor\u00e9es en classe !<\/p>\n<p>Merci \u00e0 tous et toutes pour votre participation \u00e0 ce moment de joie ! Voici quelques clich\u00e9s de la c\u00e9l\u00e9bration :<\/p>\n<p>&nbsp; <a href=\"http:\/\/stmeme-stlouis.fr\/wp-content\/uploads\/2019\/06\/IMG_6864.jpg\"><img loading=\"lazy\" decoding=\"async\" class=\"alignnone size-medium wp-image-2465\" src=\"http:\/\/stmeme-stlouis.fr\/wp-content\/uploads\/2019\/06\/IMG_6864-300x225.jpg\" alt=\"\" width=\"300\" height=\"225\" srcset=\"https:\/\/stmeme-stlouis.fr\/wp-content\/uploads\/2019\/06\/IMG_6864-300x225.jpg 300w, https:\/\/stmeme-stlouis.fr\/wp-content\/uploads\/2019\/06\/IMG_6864-768x576.jpg 768w, https:\/\/stmeme-stlouis.fr\/wp-content\/uploads\/2019\/06\/IMG_6864-1024x768.jpg 1024w, https:\/\/stmeme-stlouis.fr\/wp-content\/uploads\/2019\/06\/IMG_6864.jpg 2048w\" sizes=\"(max-width: 300px) 100vw, 300px\" \/><\/a> <a href=\"http:\/\/stmeme-stlouis.fr\/wp-content\/uploads\/2019\/06\/IMG_6846.jpg\"><img loading=\"lazy\" decoding=\"async\" class=\"alignnone size-medium wp-image-2466\" src=\"http:\/\/stmeme-stlouis.fr\/wp-content\/uploads\/2019\/06\/IMG_6846-300x225.jpg\" alt=\"\" width=\"300\" height=\"225\" srcset=\"https:\/\/stmeme-stlouis.fr\/wp-content\/uploads\/2019\/06\/IMG_6846-300x225.jpg 300w, https:\/\/stmeme-stlouis.fr\/wp-content\/uploads\/2019\/06\/IMG_6846-768x576.jpg 768w, https:\/\/stmeme-stlouis.fr\/wp-content\/uploads\/2019\/06\/IMG_6846-1024x768.jpg 1024w, https:\/\/stmeme-stlouis.fr\/wp-content\/uploads\/2019\/06\/IMG_6846.jpg 2048w\" sizes=\"(max-width: 300px) 100vw, 300px\" \/><\/a> <a href=\"http:\/\/stmeme-stlouis.fr\/wp-content\/uploads\/2019\/06\/IMG_6847.jpg\"><img loading=\"lazy\" decoding=\"async\" class=\"alignnone size-medium wp-image-2467\" src=\"http:\/\/stmeme-stlouis.fr\/wp-content\/uploads\/2019\/06\/IMG_6847-300x225.jpg\" alt=\"\" width=\"300\" height=\"225\" srcset=\"https:\/\/stmeme-stlouis.fr\/wp-content\/uploads\/2019\/06\/IMG_6847-300x225.jpg 300w, https:\/\/stmeme-stlouis.fr\/wp-content\/uploads\/2019\/06\/IMG_6847-768x576.jpg 768w, https:\/\/stmeme-stlouis.fr\/wp-content\/uploads\/2019\/06\/IMG_6847-1024x768.jpg 1024w, https:\/\/stmeme-stlouis.fr\/wp-content\/uploads\/2019\/06\/IMG_6847.jpg 2048w\" sizes=\"(max-width: 300px) 100vw, 300px\" \/><\/a> <a href=\"http:\/\/stmeme-stlouis.fr\/wp-content\/uploads\/2019\/06\/IMG_6848.jpg\"><img loading=\"lazy\" decoding=\"async\" class=\"alignnone size-medium wp-image-2468\" src=\"http:\/\/stmeme-stlouis.fr\/wp-content\/uploads\/2019\/06\/IMG_6848-300x225.jpg\" alt=\"\" width=\"300\" height=\"225\" srcset=\"https:\/\/stmeme-stlouis.fr\/wp-content\/uploads\/2019\/06\/IMG_6848-300x225.jpg 300w, https:\/\/stmeme-stlouis.fr\/wp-content\/uploads\/2019\/06\/IMG_6848-768x576.jpg 768w, https:\/\/stmeme-stlouis.fr\/wp-content\/uploads\/2019\/06\/IMG_6848-1024x768.jpg 1024w, https:\/\/stmeme-stlouis.fr\/wp-content\/uploads\/2019\/06\/IMG_6848.jpg 2048w\" sizes=\"(max-width: 300px) 100vw, 300px\" \/><\/a> <a href=\"http:\/\/stmeme-stlouis.fr\/wp-content\/uploads\/2019\/06\/IMG_6849.jpg\"><img loading=\"lazy\" decoding=\"async\" class=\"alignnone size-medium wp-image-2469\" src=\"http:\/\/stmeme-stlouis.fr\/wp-content\/uploads\/2019\/06\/IMG_6849-300x225.jpg\" alt=\"\" width=\"300\" height=\"225\" srcset=\"https:\/\/stmeme-stlouis.fr\/wp-content\/uploads\/2019\/06\/IMG_6849-300x225.jpg 300w, https:\/\/stmeme-stlouis.fr\/wp-content\/uploads\/2019\/06\/IMG_6849-768x576.jpg 768w, https:\/\/stmeme-stlouis.fr\/wp-content\/uploads\/2019\/06\/IMG_6849-1024x768.jpg 1024w, https:\/\/stmeme-stlouis.fr\/wp-content\/uploads\/2019\/06\/IMG_6849.jpg 2048w\" sizes=\"(max-width: 300px) 100vw, 300px\" \/><\/a> <a href=\"http:\/\/stmeme-stlouis.fr\/wp-content\/uploads\/2019\/06\/IMG_6850.jpg\"><img loading=\"lazy\" decoding=\"async\" class=\"alignnone size-medium wp-image-2470\" src=\"http:\/\/stmeme-stlouis.fr\/wp-content\/uploads\/2019\/06\/IMG_6850-300x225.jpg\" alt=\"\" width=\"300\" height=\"225\" srcset=\"https:\/\/stmeme-stlouis.fr\/wp-content\/uploads\/2019\/06\/IMG_6850-300x225.jpg 300w, https:\/\/stmeme-stlouis.fr\/wp-content\/uploads\/2019\/06\/IMG_6850-768x576.jpg 768w, https:\/\/stmeme-stlouis.fr\/wp-content\/uploads\/2019\/06\/IMG_6850-1024x768.jpg 1024w, https:\/\/stmeme-stlouis.fr\/wp-content\/uploads\/2019\/06\/IMG_6850.jpg 2048w\" sizes=\"(max-width: 300px) 100vw, 300px\" \/><\/a> <a href=\"http:\/\/stmeme-stlouis.fr\/wp-content\/uploads\/2019\/06\/IMG_6851.jpg\"><img loading=\"lazy\" decoding=\"async\" class=\"alignnone size-medium wp-image-2471\" src=\"http:\/\/stmeme-stlouis.fr\/wp-content\/uploads\/2019\/06\/IMG_6851-300x225.jpg\" alt=\"\" width=\"300\" height=\"225\" srcset=\"https:\/\/stmeme-stlouis.fr\/wp-content\/uploads\/2019\/06\/IMG_6851-300x225.jpg 300w, https:\/\/stmeme-stlouis.fr\/wp-content\/uploads\/2019\/06\/IMG_6851-768x576.jpg 768w, https:\/\/stmeme-stlouis.fr\/wp-content\/uploads\/2019\/06\/IMG_6851-1024x768.jpg 1024w, https:\/\/stmeme-stlouis.fr\/wp-content\/uploads\/2019\/06\/IMG_6851.jpg 2048w\" sizes=\"(max-width: 300px) 100vw, 300px\" \/><\/a> <a href=\"http:\/\/stmeme-stlouis.fr\/wp-content\/uploads\/2019\/06\/IMG_6852.jpg\"><img loading=\"lazy\" decoding=\"async\" class=\"alignnone size-medium wp-image-2472\" src=\"http:\/\/stmeme-stlouis.fr\/wp-content\/uploads\/2019\/06\/IMG_6852-300x225.jpg\" alt=\"\" width=\"300\" height=\"225\" srcset=\"https:\/\/stmeme-stlouis.fr\/wp-content\/uploads\/2019\/06\/IMG_6852-300x225.jpg 300w, https:\/\/stmeme-stlouis.fr\/wp-content\/uploads\/2019\/06\/IMG_6852-768x576.jpg 768w, https:\/\/stmeme-stlouis.fr\/wp-content\/uploads\/2019\/06\/IMG_6852-1024x768.jpg 1024w, https:\/\/stmeme-stlouis.fr\/wp-content\/uploads\/2019\/06\/IMG_6852.jpg 2048w\" sizes=\"(max-width: 300px) 100vw, 300px\" \/><\/a> <a href=\"http:\/\/stmeme-stlouis.fr\/wp-content\/uploads\/2019\/06\/IMG_6853.jpg\"><img loading=\"lazy\" decoding=\"async\" class=\"alignnone size-medium wp-image-2473\" src=\"http:\/\/stmeme-stlouis.fr\/wp-content\/uploads\/2019\/06\/IMG_6853-225x300.jpg\" alt=\"\" width=\"225\" height=\"300\" srcset=\"https:\/\/stmeme-stlouis.fr\/wp-content\/uploads\/2019\/06\/IMG_6853-225x300.jpg 225w, https:\/\/stmeme-stlouis.fr\/wp-content\/uploads\/2019\/06\/IMG_6853-768x1024.jpg 768w, https:\/\/stmeme-stlouis.fr\/wp-content\/uploads\/2019\/06\/IMG_6853.jpg 1536w\" sizes=\"(max-width: 225px) 100vw, 225px\" \/><\/a> <a href=\"http:\/\/stmeme-stlouis.fr\/wp-content\/uploads\/2019\/06\/IMG_6854.jpg\"><img loading=\"lazy\" decoding=\"async\" class=\"alignnone size-medium wp-image-2474\" src=\"http:\/\/stmeme-stlouis.fr\/wp-content\/uploads\/2019\/06\/IMG_6854-225x300.jpg\" alt=\"\" width=\"225\" height=\"300\" srcset=\"https:\/\/stmeme-stlouis.fr\/wp-content\/uploads\/2019\/06\/IMG_6854-225x300.jpg 225w, https:\/\/stmeme-stlouis.fr\/wp-content\/uploads\/2019\/06\/IMG_6854-768x1024.jpg 768w, https:\/\/stmeme-stlouis.fr\/wp-content\/uploads\/2019\/06\/IMG_6854.jpg 1536w\" sizes=\"(max-width: 225px) 100vw, 225px\" \/><\/a> <a href=\"http:\/\/stmeme-stlouis.fr\/wp-content\/uploads\/2019\/06\/IMG_6855.jpg\"><img loading=\"lazy\" decoding=\"async\" class=\"alignnone size-medium wp-image-2475\" src=\"http:\/\/stmeme-stlouis.fr\/wp-content\/uploads\/2019\/06\/IMG_6855-300x225.jpg\" alt=\"\" width=\"300\" height=\"225\" srcset=\"https:\/\/stmeme-stlouis.fr\/wp-content\/uploads\/2019\/06\/IMG_6855-300x225.jpg 300w, https:\/\/stmeme-stlouis.fr\/wp-content\/uploads\/2019\/06\/IMG_6855-768x576.jpg 768w, https:\/\/stmeme-stlouis.fr\/wp-content\/uploads\/2019\/06\/IMG_6855-1024x768.jpg 1024w, https:\/\/stmeme-stlouis.fr\/wp-content\/uploads\/2019\/06\/IMG_6855.jpg 2048w\" sizes=\"(max-width: 300px) 100vw, 300px\" \/><\/a> <a href=\"http:\/\/stmeme-stlouis.fr\/wp-content\/uploads\/2019\/06\/IMG_6856.jpg\"><img loading=\"lazy\" decoding=\"async\" class=\"alignnone size-medium wp-image-2476\" src=\"http:\/\/stmeme-stlouis.fr\/wp-content\/uploads\/2019\/06\/IMG_6856-225x300.jpg\" alt=\"\" width=\"225\" height=\"300\" srcset=\"https:\/\/stmeme-stlouis.fr\/wp-content\/uploads\/2019\/06\/IMG_6856-225x300.jpg 225w, https:\/\/stmeme-stlouis.fr\/wp-content\/uploads\/2019\/06\/IMG_6856-768x1024.jpg 768w, https:\/\/stmeme-stlouis.fr\/wp-content\/uploads\/2019\/06\/IMG_6856.jpg 1536w\" sizes=\"(max-width: 225px) 100vw, 225px\" \/><\/a> <a href=\"http:\/\/stmeme-stlouis.fr\/wp-content\/uploads\/2019\/06\/IMG_6857.jpg\"><img loading=\"lazy\" decoding=\"async\" class=\"alignnone size-medium wp-image-2477\" src=\"http:\/\/stmeme-stlouis.fr\/wp-content\/uploads\/2019\/06\/IMG_6857-300x225.jpg\" alt=\"\" width=\"300\" height=\"225\" srcset=\"https:\/\/stmeme-stlouis.fr\/wp-content\/uploads\/2019\/06\/IMG_6857-300x225.jpg 300w, https:\/\/stmeme-stlouis.fr\/wp-content\/uploads\/2019\/06\/IMG_6857-768x576.jpg 768w, https:\/\/stmeme-stlouis.fr\/wp-content\/uploads\/2019\/06\/IMG_6857-1024x768.jpg 1024w, https:\/\/stmeme-stlouis.fr\/wp-content\/uploads\/2019\/06\/IMG_6857.jpg 2048w\" sizes=\"(max-width: 300px) 100vw, 300px\" \/><\/a> <a href=\"http:\/\/stmeme-stlouis.fr\/wp-content\/uploads\/2019\/06\/IMG_6858.jpg\"><img loading=\"lazy\" decoding=\"async\" class=\"alignnone size-medium wp-image-2478\" src=\"http:\/\/stmeme-stlouis.fr\/wp-content\/uploads\/2019\/06\/IMG_6858-300x225.jpg\" alt=\"\" width=\"300\" height=\"225\" srcset=\"https:\/\/stmeme-stlouis.fr\/wp-content\/uploads\/2019\/06\/IMG_6858-300x225.jpg 300w, https:\/\/stmeme-stlouis.fr\/wp-content\/uploads\/2019\/06\/IMG_6858-768x576.jpg 768w, https:\/\/stmeme-stlouis.fr\/wp-content\/uploads\/2019\/06\/IMG_6858-1024x768.jpg 1024w, https:\/\/stmeme-stlouis.fr\/wp-content\/uploads\/2019\/06\/IMG_6858.jpg 2048w\" sizes=\"(max-width: 300px) 100vw, 300px\" \/><\/a> <a href=\"http:\/\/stmeme-stlouis.fr\/wp-content\/uploads\/2019\/06\/IMG_6859.jpg\"><img loading=\"lazy\" decoding=\"async\" class=\"alignnone size-medium wp-image-2479\" src=\"http:\/\/stmeme-stlouis.fr\/wp-content\/uploads\/2019\/06\/IMG_6859-225x300.jpg\" alt=\"\" width=\"225\" height=\"300\" srcset=\"https:\/\/stmeme-stlouis.fr\/wp-content\/uploads\/2019\/06\/IMG_6859-225x300.jpg 225w, https:\/\/stmeme-stlouis.fr\/wp-content\/uploads\/2019\/06\/IMG_6859-768x1024.jpg 768w, https:\/\/stmeme-stlouis.fr\/wp-content\/uploads\/2019\/06\/IMG_6859.jpg 1536w\" sizes=\"(max-width: 225px) 100vw, 225px\" \/><\/a> <a href=\"http:\/\/stmeme-stlouis.fr\/wp-content\/uploads\/2019\/06\/IMG_6860.jpg\"><img loading=\"lazy\" decoding=\"async\" class=\"alignnone size-medium wp-image-2480\" src=\"http:\/\/stmeme-stlouis.fr\/wp-content\/uploads\/2019\/06\/IMG_6860-225x300.jpg\" alt=\"\" width=\"225\" height=\"300\" srcset=\"https:\/\/stmeme-stlouis.fr\/wp-content\/uploads\/2019\/06\/IMG_6860-225x300.jpg 225w, https:\/\/stmeme-stlouis.fr\/wp-content\/uploads\/2019\/06\/IMG_6860-768x1024.jpg 768w, https:\/\/stmeme-stlouis.fr\/wp-content\/uploads\/2019\/06\/IMG_6860.jpg 1536w\" sizes=\"(max-width: 225px) 100vw, 225px\" \/><\/a> <a href=\"http:\/\/stmeme-stlouis.fr\/wp-content\/uploads\/2019\/06\/IMG_6861.jpg\"><img loading=\"lazy\" decoding=\"async\" class=\"alignnone size-medium wp-image-2481\" src=\"http:\/\/stmeme-stlouis.fr\/wp-content\/uploads\/2019\/06\/IMG_6861-225x300.jpg\" alt=\"\" width=\"225\" height=\"300\" srcset=\"https:\/\/stmeme-stlouis.fr\/wp-content\/uploads\/2019\/06\/IMG_6861-225x300.jpg 225w, https:\/\/stmeme-stlouis.fr\/wp-content\/uploads\/2019\/06\/IMG_6861-768x1024.jpg 768w, https:\/\/stmeme-stlouis.fr\/wp-content\/uploads\/2019\/06\/IMG_6861.jpg 1536w\" sizes=\"(max-width: 225px) 100vw, 225px\" \/><\/a> <a href=\"http:\/\/stmeme-stlouis.fr\/wp-content\/uploads\/2019\/06\/IMG_6862.jpg\"><img loading=\"lazy\" decoding=\"async\" class=\"alignnone size-medium wp-image-2482\" src=\"http:\/\/stmeme-stlouis.fr\/wp-content\/uploads\/2019\/06\/IMG_6862-300x225.jpg\" alt=\"\" width=\"300\" height=\"225\" srcset=\"https:\/\/stmeme-stlouis.fr\/wp-content\/uploads\/2019\/06\/IMG_6862-300x225.jpg 300w, https:\/\/stmeme-stlouis.fr\/wp-content\/uploads\/2019\/06\/IMG_6862-768x576.jpg 768w, https:\/\/stmeme-stlouis.fr\/wp-content\/uploads\/2019\/06\/IMG_6862-1024x768.jpg 1024w, https:\/\/stmeme-stlouis.fr\/wp-content\/uploads\/2019\/06\/IMG_6862.jpg 2048w\" sizes=\"(max-width: 300px) 100vw, 300px\" \/><\/a> <a href=\"http:\/\/stmeme-stlouis.fr\/wp-content\/uploads\/2019\/06\/IMG_6863.jpg\"><img loading=\"lazy\" decoding=\"async\" class=\"alignnone size-medium wp-image-2483\" src=\"http:\/\/stmeme-stlouis.fr\/wp-content\/uploads\/2019\/06\/IMG_6863-300x225.jpg\" alt=\"\" width=\"300\" height=\"225\" srcset=\"https:\/\/stmeme-stlouis.fr\/wp-content\/uploads\/2019\/06\/IMG_6863-300x225.jpg 300w, https:\/\/stmeme-stlouis.fr\/wp-content\/uploads\/2019\/06\/IMG_6863-768x576.jpg 768w, https:\/\/stmeme-stlouis.fr\/wp-content\/uploads\/2019\/06\/IMG_6863-1024x768.jpg 1024w, https:\/\/stmeme-stlouis.fr\/wp-content\/uploads\/2019\/06\/IMG_6863.jpg 2048w\" sizes=\"(max-width: 300px) 100vw, 300px\" \/><\/a><\/p>\n<p>&nbsp;<\/p>\n<p>&nbsp;<\/p>\n<h3 style=\"text-align: center;\"><span style=\"color: #99cc00;\"><strong>C\u00e9l\u00e9bration de l\u2019\u00c9piphanie du mardi 10 janvier 2017<\/strong><\/span><\/h3>\n<p style=\"text-align: center;\"><span style=\"text-decoration: underline;\">10h45 &#8211; \u00c9glise St Maxime de Machecoul-St M\u00eame<\/span><\/p>\n<p style=\"text-align: center;\">En pr\u00e9vision de cette c\u00e9l\u00e9bration, nous d\u00e9couvrirons qui \u00e9taient les Rois Mages<br \/>\net la signification des cadeaux qu&#8217;ils ont offerts \u00e0 J\u00e9sus.<\/p>\n<p style=\"text-align: center;\"><a href=\"http:\/\/www.theobule.org\/saison\/suivre-la-lumiere\/1.-des-mages-dorient\">Les Rois Mages<span style=\"text-decoration: underline;\"> &nbsp; &nbsp;<\/span><\/a><em>(D&#8217;apr\u00e8s Mt 2,1-12 : visite des Mages)<\/em><\/p>\n<p style=\"text-align: center;\">Nous apprendrons \u00e9galement quelques chants et pri\u00e8res.<br \/>\nRetrouvez-les en suivant les liens ci-dessous :<\/p>\n<p style=\"text-align: center;\"><iframe loading=\"lazy\" src=\"https:\/\/www.youtube.com\/embed\/5jhfRuScKe4\" allowfullscreen=\"allowfullscreen\" width=\"480\" height=\"240\" frameborder=\"0\"><\/iframe><\/p>\n<p style=\"text-align: center;\"><a href=\"https:\/\/www.youtube.com\/watch?v=BnCRLY2AWgc\"><br \/>\nAve Maria &#8211; de Glorious<\/a><\/p>\n<p style=\"text-align: center;\"><a href=\"https:\/\/www.youtube.com\/watch?v=zgxpxZiW5xg\"><br \/>\nDieu fait pour nous des merveilles (\u00e0 partir de la 4e minute &#8230;)<\/a><\/p>\n<p style=\"text-align: center;\"><a href=\"https:\/\/www.youtube.com\/watch?v=ZIDi0YR5T6A\">Refrain &#8211; &#8220;Accueille au creux de tes mains &#8230;&#8221;<\/a><\/p>\n<p style=\"text-align: center;\"><a href=\"https:\/\/www.youtube.com\/watch?v=x_CMe9F4PVE\">Plus haut que tout<\/a><\/p>\n<h1 style=\"text-align: center;\"><span style=\"text-decoration: underline; color: #99cc00;\"><strong><span style=\"text-decoration: underline;\">Parents et amis sont<br \/>\nles bienvenus le 10 janvier !!<\/span><\/strong><\/span><\/h1>\n<p>&nbsp;<\/p>\n<h3 style=\"text-align: center;\"><span style=\"color: #ffcc00;\">C\u00e9l\u00e9bration de l&#8217;Avent &#8220;En marche vers la lumi\u00e8re&#8221; &#8211;&nbsp;L 14 d\u00e9cembre 2015<\/span><\/h3>\n<!--[if lt IE 9]><script>document.createElement('audio');<\/script><![endif]-->\n<audio class=\"wp-audio-shortcode\" id=\"audio-171-1\" preload=\"none\" style=\"width: 100%;\" controls=\"controls\"><source type=\"audio\/mpeg\" src=\"http:\/\/stmeme-stlouis.fr\/wp-content\/uploads\/2016\/02\/L27amour-de-Dieu-est-grand-comme-\u00e7a-1.mp3?_=1\" \/><a href=\"http:\/\/stmeme-stlouis.fr\/wp-content\/uploads\/2016\/02\/L27amour-de-Dieu-est-grand-comme-\u00e7a-1.mp3\">http:\/\/stmeme-stlouis.fr\/wp-content\/uploads\/2016\/02\/L27amour-de-Dieu-est-grand-comme-\u00e7a-1.mp3<\/a><\/audio>\n<p>&nbsp;<\/p>\n<p><a href=\"http:\/\/stmeme-stlouis.fr\/wp-content\/uploads\/2016\/02\/100_0720.jpg\" rel=\"attachment wp-att-178\"><img loading=\"lazy\" decoding=\"async\" class=\"size-medium wp-image-178 aligncenter\" src=\"http:\/\/stmeme-stlouis.fr\/wp-content\/uploads\/2016\/02\/100_0720-300x225.jpg\" alt=\"100_0720\" width=\"300\" height=\"225\" srcset=\"https:\/\/stmeme-stlouis.fr\/wp-content\/uploads\/2016\/02\/100_0720-300x225.jpg 300w, https:\/\/stmeme-stlouis.fr\/wp-content\/uploads\/2016\/02\/100_0720-768x576.jpg 768w, https:\/\/stmeme-stlouis.fr\/wp-content\/uploads\/2016\/02\/100_0720-1024x768.jpg 1024w, https:\/\/stmeme-stlouis.fr\/wp-content\/uploads\/2016\/02\/100_0720.jpg 2048w\" sizes=\"(max-width: 300px) 100vw, 300px\" \/><\/a><\/p>\n","protected":false},"excerpt":{"rendered":"<p>C\u00e9l\u00e9bration de la Pentec\u00f4te &#8211; Mardi 4 juin 2019 Autour du P\u00e8re R\u00e9gis et de nos cat\u00e9chistes, nous nous sommes retrouv\u00e9s pour c\u00e9l\u00e9brer tous ensemble le don de l&#8217;Esprit Saint. Nous avions r\u00e9alis\u00e9 \u00e0 l&#8217;\u00e9cole un beau support reproduisant un vitrail. Chaque classe a ensuite confectionn\u00e9 un bricolage qui rappelle le souffle de l&#8217;Esprit Saint.<\/p>\n<p><a href=\"https:\/\/stmeme-stlouis.fr\/?page_id=171\" class=\"more-link themebutton\">Lire la suite<\/a><\/p>\n","protected":false},"author":2,"featured_media":0,"parent":0,"menu_order":0,"comment_status":"closed","ping_status":"closed","template":"","meta":{"footnotes":""},"_links":{"self":[{"href":"https:\/\/stmeme-stlouis.fr\/index.php?rest_route=\/wp\/v2\/pages\/171"}],"collection":[{"href":"https:\/\/stmeme-stlouis.fr\/index.php?rest_route=\/wp\/v2\/pages"}],"about":[{"href":"https:\/\/stmeme-stlouis.fr\/index.php?rest_route=\/wp\/v2\/types\/page"}],"author":[{"embeddable":true,"href":"https:\/\/stmeme-stlouis.fr\/index.php?rest_route=\/wp\/v2\/users\/2"}],"replies":[{"embeddable":true,"href":"https:\/\/stmeme-stlouis.fr\/index.php?rest_route=%2Fwp%2Fv2%2Fcomments&post=171"}],"version-history":[{"count":26,"href":"https:\/\/stmeme-stlouis.fr\/index.php?rest_route=\/wp\/v2\/pages\/171\/revisions"}],"predecessor-version":[{"id":2484,"href":"https:\/\/stmeme-stlouis.fr\/index.php?rest_route=\/wp\/v2\/pages\/171\/revisions\/2484"}],"wp:attachment":[{"href":"https:\/\/stmeme-stlouis.fr\/index.php?rest_route=%2Fwp%2Fv2%2Fmedia&parent=171"}],"curies":[{"name":"wp","href":"https:\/\/api.w.org\/{rel}","templated":true}]}}