{"id":167,"date":"2016-02-15T16:47:05","date_gmt":"2016-02-15T15:47:05","guid":{"rendered":"http:\/\/stmeme-stlouis.fr\/?page_id=167"},"modified":"2025-10-27T16:26:49","modified_gmt":"2025-10-27T15:26:49","slug":"inscriptions","status":"publish","type":"page","link":"https:\/\/stmeme-stlouis.fr\/?page_id=167","title":{"rendered":"Inscriptions pour la rentr\u00e9e de septembre 2026"},"content":{"rendered":"<h2><span style=\"color: #3366ff;\">Vous souhaitez inscrire votre enfant \u00e0 l&#8217;\u00e9cole St Louis ?<\/span><\/h2>\n<h2><span style=\"color: #3366ff;\">&nbsp;Si votre enfant est n\u00e9 en 2022, il va faire sa premi\u00e8re rentr\u00e9e \u00e0 l&#8217;\u00e9cole en septembre 2025, en classe de PS de maternelle, venez nous rencontrer pour \u00e9changer sur cette premi\u00e8re rentr\u00e9e \ud83d\ude42<\/span><\/h2>\n<p>Vous souhaitez inscrire votre enfant \u00e0 l&#8217;\u00e9cole Saint Louis, vous vous questionnez,&#8230; n&#8217;h\u00e9sitez pas \ud83d\ude09 Venez nous rencontrer !<\/p>\n<p>Je vous accueillerai avec plaisir lors d&#8217;un rendez-vous, que vous pouvez prendre en appelant au <strong>02 40 76 08 38 <\/strong><em>(Cheffe d&#8217;\u00e9tablissement : Catherine Merlet-Prou)<\/em><br \/>\nN&#8217;h\u00e9sitez pas \u00e0 laisser un message sur le r\u00e9pondeur, en laissant vos coordonn\u00e9es et je vous rappellerai.<\/p>\n<p>Vous pouvez aussi privil\u00e9gier la demande de rencontre par mail et je vous r\u00e9pondrai rapidement !<br \/>\n<span style=\"color: #3366ff;\">Mail : direction@ecole-stlouis-msm.fr<\/span><\/p>\n<p>Au plaisir de vous rencontrer bient\u00f4t !<\/p>\n<h2 style=\"text-align: left;\"><span style=\"color: #3366ff;\">Frais de scolarit\u00e9 de la Petite Section au CM2 (tarif unique)<br \/>\n<\/span><\/h2>\n<p style=\"text-align: left;\">L&#8217;\u00e9cole St Louis est une \u00e9cole :<\/p>\n<ul style=\"list-style-type: square;\">\n<li style=\"text-align: left;\"><strong>priv\u00e9e catholique<\/strong>\n<ul>\n<li style=\"text-align: left;\"><span style=\"line-height: 1.5;\">L&#8217;\u00e9cole est subventionn\u00e9e par la municipalit\u00e9 pour ses frais de fonctionnement (manuels, cahiers, &#8230;) et dispose donc en cela des m\u00eames moyens qu&#8217;une \u00e9cole publique<\/span><\/li>\n<li style=\"text-align: left;\">Les locaux, g\u00e9r\u00e9s par l&#8217;OGEC (Organisme de Gestion de l&#8217;Enseignement Catholique), rel\u00e8vent du statut priv\u00e9, au m\u00eame titre qu&#8217;une maison individuelle. L&#8217;entretien de l&#8217;immobilier est donc exclusivement \u00e0 la charge de l&#8217;\u00e9cole (pas de financement public). C&#8217;est la raison pour laquelle la scolarit\u00e9 y est payante.<\/li>\n<li style=\"text-align: left;\">Co\u00fbt&nbsp;: <strong>28\u20ac \/ mois soit 280\u20ac l&#8217;ann\u00e9e pour 2024\/2025<\/strong>, assurance scolaire comprise, de la petite section de maternelle au CM2, quelle que soit la commune de r\u00e9sidence de l&#8217;enfant.<\/li>\n<li style=\"text-align: left;\">Les frais de scolarit\u00e9 comprennent toutes les sorties scolaires sans nuit\u00e9es.<\/li>\n<\/ul>\n<\/li>\n<li><strong>sous contrat avec l&#8217;Etat<\/strong>\n<ul>\n<li>Les programmes d&#8217;enseignement sont ceux \u00e9dict\u00e9s par le Minist\u00e8re de l\u2019\u00c9ducation Nationale.<\/li>\n<\/ul>\n<\/li>\n<\/ul>\n<p>&nbsp;<\/p>\n<p>&nbsp;<\/p>\n","protected":false},"excerpt":{"rendered":"<p>Vous souhaitez inscrire votre enfant \u00e0 l&#8217;\u00e9cole St Louis ? &nbsp;Si votre enfant est n\u00e9 en 2022, il va faire sa premi\u00e8re rentr\u00e9e \u00e0 l&#8217;\u00e9cole en septembre 2025, en classe de PS de maternelle, venez nous rencontrer pour \u00e9changer sur cette premi\u00e8re rentr\u00e9e \ud83d\ude42 Vous souhaitez inscrire votre enfant \u00e0 l&#8217;\u00e9cole Saint Louis, vous vous<\/p>\n<p><a href=\"https:\/\/stmeme-stlouis.fr\/?page_id=167\" class=\"more-link themebutton\">Lire la suite<\/a><\/p>\n","protected":false},"author":2,"featured_media":0,"parent":0,"menu_order":0,"comment_status":"closed","ping_status":"closed","template":"","meta":{"footnotes":""},"_links":{"self":[{"href":"https:\/\/stmeme-stlouis.fr\/index.php?rest_route=\/wp\/v2\/pages\/167"}],"collection":[{"href":"https:\/\/stmeme-stlouis.fr\/index.php?rest_route=\/wp\/v2\/pages"}],"about":[{"href":"https:\/\/stmeme-stlouis.fr\/index.php?rest_route=\/wp\/v2\/types\/page"}],"author":[{"embeddable":true,"href":"https:\/\/stmeme-stlouis.fr\/index.php?rest_route=\/wp\/v2\/users\/2"}],"replies":[{"embeddable":true,"href":"https:\/\/stmeme-stlouis.fr\/index.php?rest_route=%2Fwp%2Fv2%2Fcomments&post=167"}],"version-history":[{"count":19,"href":"https:\/\/stmeme-stlouis.fr\/index.php?rest_route=\/wp\/v2\/pages\/167\/revisions"}],"predecessor-version":[{"id":4273,"href":"https:\/\/stmeme-stlouis.fr\/index.php?rest_route=\/wp\/v2\/pages\/167\/revisions\/4273"}],"wp:attachment":[{"href":"https:\/\/stmeme-stlouis.fr\/index.php?rest_route=%2Fwp%2Fv2%2Fmedia&parent=167"}],"curies":[{"name":"wp","href":"https:\/\/api.w.org\/{rel}","templated":true}]}}