{"id":159,"date":"2016-02-15T15:41:31","date_gmt":"2016-02-15T14:41:31","guid":{"rendered":"http:\/\/stmeme-stlouis.fr\/?page_id=159"},"modified":"2025-10-27T16:32:12","modified_gmt":"2025-10-27T15:32:12","slug":"rythmes-scolaires-calendrier","status":"publish","type":"page","link":"https:\/\/stmeme-stlouis.fr\/?page_id=159","title":{"rendered":"Rythmes scolaires &#8211; Calendrier 25\/26"},"content":{"rendered":"<h2><span style=\"color: #3366ff;\">Rythmes scolaires &#8211; Horaires<a href=\"http:\/\/stmeme-stlouis.fr\/wp-content\/uploads\/2016\/02\/Rythmes.jpg\" rel=\"attachment wp-att-160\"><img loading=\"lazy\" decoding=\"async\" class=\"alignright size-thumbnail wp-image-160\" src=\"http:\/\/stmeme-stlouis.fr\/wp-content\/uploads\/2016\/02\/Rythmes-150x150.jpg\" alt=\"Rythmes\" width=\"150\" height=\"150\" \/><\/a><\/span><\/h2>\n<p><span style=\"color: #0000ff;\">Les \u00e9l\u00e8ves de l&#8217;\u00e9cole St Louis viennent en classe 4 jours par semaine :<\/span><br \/>\n<strong><span style=\"color: #0000ff;\">Lundi\/Mardi\/Jeudi\/Vendredi<\/span><\/strong><\/p>\n<p>&nbsp;<\/p>\n<h2 style=\"text-align: left;\"><span style=\"color: #ff6600;\"><strong>Les horaires de classe sont les suivants : <em>8h45-12h et 13h15-16h15<\/em><\/strong><\/span><\/h2>\n<p>&nbsp;<\/p>\n<h2 style=\"text-align: left;\"><span style=\"color: #008000;\">Calendrier ann\u00e9e scolaire 2025\/2026<\/span><\/h2>\n<p><strong>Rentr\u00e9e<\/strong> : le lundi 1er\u00a0 septembre 2025<\/p>\n<p><strong>Vacances de la Toussaint<\/strong> : V.17 octobre apr\u00e8s la classe au L.3 nov au matin<\/p>\n<p><strong>Vacances de No\u00ebl<\/strong> : V.19 d\u00e9cembre apr\u00e8s la classe au L.5 janvier au matin<\/p>\n<p><strong>Vacances de f\u00e9vrier<\/strong> : V.13 f\u00e9vrier apr\u00e8s la classe au L.2 mars au matin<\/p>\n<p><strong>Vacances de P\u00e2ques<\/strong> : V.10 avril apr\u00e8s la classe au L.27 avril au matin<\/p>\n<p><strong>Pont de l&#8217;Ascension<\/strong> : pas de classe le V. 15 mai<\/p>\n<p><strong>Dernier jour de classe\u00a0<\/strong>: V.3 juillet 2026<\/p>\n<p>&nbsp;<\/p>\n<p>&nbsp;<\/p>\n<p>&nbsp;<\/p>\n","protected":false},"excerpt":{"rendered":"<p>Rythmes scolaires &#8211; Horaires Les \u00e9l\u00e8ves de l&#8217;\u00e9cole St Louis viennent en classe 4 jours par semaine : Lundi\/Mardi\/Jeudi\/Vendredi &nbsp; Les horaires de classe sont les suivants : 8h45-12h et 13h15-16h15 &nbsp; Calendrier ann\u00e9e scolaire 2025\/2026 Rentr\u00e9e : le lundi 1er\u00a0 septembre 2025 Vacances de la Toussaint : V.17 octobre apr\u00e8s la classe au L.3<\/p>\n<p><a href=\"https:\/\/stmeme-stlouis.fr\/?page_id=159\" class=\"more-link themebutton\">Lire la suite<\/a><\/p>\n","protected":false},"author":2,"featured_media":0,"parent":0,"menu_order":0,"comment_status":"closed","ping_status":"closed","template":"","meta":{"footnotes":""},"_links":{"self":[{"href":"https:\/\/stmeme-stlouis.fr\/index.php?rest_route=\/wp\/v2\/pages\/159"}],"collection":[{"href":"https:\/\/stmeme-stlouis.fr\/index.php?rest_route=\/wp\/v2\/pages"}],"about":[{"href":"https:\/\/stmeme-stlouis.fr\/index.php?rest_route=\/wp\/v2\/types\/page"}],"author":[{"embeddable":true,"href":"https:\/\/stmeme-stlouis.fr\/index.php?rest_route=\/wp\/v2\/users\/2"}],"replies":[{"embeddable":true,"href":"https:\/\/stmeme-stlouis.fr\/index.php?rest_route=%2Fwp%2Fv2%2Fcomments&post=159"}],"version-history":[{"count":10,"href":"https:\/\/stmeme-stlouis.fr\/index.php?rest_route=\/wp\/v2\/pages\/159\/revisions"}],"predecessor-version":[{"id":4275,"href":"https:\/\/stmeme-stlouis.fr\/index.php?rest_route=\/wp\/v2\/pages\/159\/revisions\/4275"}],"wp:attachment":[{"href":"https:\/\/stmeme-stlouis.fr\/index.php?rest_route=%2Fwp%2Fv2%2Fmedia&parent=159"}],"curies":[{"name":"wp","href":"https:\/\/api.w.org\/{rel}","templated":true}]}}