{"id":137,"date":"2016-02-15T12:08:02","date_gmt":"2016-02-15T11:08:02","guid":{"rendered":"http:\/\/stmeme-stlouis.fr\/?page_id=137"},"modified":"2024-12-18T22:51:18","modified_gmt":"2024-12-18T21:51:18","slug":"ogec-bureau-et-commissions","status":"publish","type":"page","link":"https:\/\/stmeme-stlouis.fr\/?page_id=137","title":{"rendered":"OGEC &#8211; Composition du bureau"},"content":{"rendered":"<p><strong><em>Composition de l&#8217;OGEC, derni\u00e8re AG : 07\/12\/2024<\/em><\/strong><\/p>\n<p>Pr\u00e9sident : David Pelletier<\/p>\n<p>Tr\u00e9sorier : Ludivine Dagorne<\/p>\n<p>Vice-tr\u00e9sori\u00e8re (responsable contribution scolaire) : Morgane Domingues<\/p>\n<p>Secr\u00e9taire : Sandra Geraldes<\/p>\n<p>Responsable RH : Gundula Zerza et Justine Billon-Gaillet<\/p>\n<p>Responsable travaux : Maxime Loyau<\/p>\n<p>Membres : Matthieu Thabard, S\u00e9bastien Canal-Huergo<\/p>\n<p>&nbsp;<\/p>\n<p>&nbsp;<\/p>\n","protected":false},"excerpt":{"rendered":"<p>Composition de l&#8217;OGEC, derni\u00e8re AG : 07\/12\/2024 Pr\u00e9sident : David Pelletier Tr\u00e9sorier : Ludivine Dagorne Vice-tr\u00e9sori\u00e8re (responsable contribution scolaire) : Morgane Domingues Secr\u00e9taire : Sandra Geraldes Responsable RH : Gundula Zerza et Justine Billon-Gaillet Responsable travaux : Maxime Loyau Membres : Matthieu Thabard, S\u00e9bastien Canal-Huergo &nbsp; &nbsp;<\/p>\n","protected":false},"author":2,"featured_media":0,"parent":0,"menu_order":0,"comment_status":"closed","ping_status":"closed","template":"","meta":{"footnotes":""},"_links":{"self":[{"href":"https:\/\/stmeme-stlouis.fr\/index.php?rest_route=\/wp\/v2\/pages\/137"}],"collection":[{"href":"https:\/\/stmeme-stlouis.fr\/index.php?rest_route=\/wp\/v2\/pages"}],"about":[{"href":"https:\/\/stmeme-stlouis.fr\/index.php?rest_route=\/wp\/v2\/types\/page"}],"author":[{"embeddable":true,"href":"https:\/\/stmeme-stlouis.fr\/index.php?rest_route=\/wp\/v2\/users\/2"}],"replies":[{"embeddable":true,"href":"https:\/\/stmeme-stlouis.fr\/index.php?rest_route=%2Fwp%2Fv2%2Fcomments&post=137"}],"version-history":[{"count":16,"href":"https:\/\/stmeme-stlouis.fr\/index.php?rest_route=\/wp\/v2\/pages\/137\/revisions"}],"predecessor-version":[{"id":4208,"href":"https:\/\/stmeme-stlouis.fr\/index.php?rest_route=\/wp\/v2\/pages\/137\/revisions\/4208"}],"wp:attachment":[{"href":"https:\/\/stmeme-stlouis.fr\/index.php?rest_route=%2Fwp%2Fv2%2Fmedia&parent=137"}],"curies":[{"name":"wp","href":"https:\/\/api.w.org\/{rel}","templated":true}]}}