{"id":109,"date":"2016-02-15T10:35:07","date_gmt":"2016-02-15T09:35:07","guid":{"rendered":"http:\/\/stmeme-stlouis.fr\/?page_id=109"},"modified":"2022-12-04T22:44:47","modified_gmt":"2022-12-04T21:44:47","slug":"college-de-proximite-et-cle","status":"publish","type":"page","link":"https:\/\/stmeme-stlouis.fr\/?page_id=109","title":{"rendered":"Coll\u00e8ge de proximit\u00e9 et CLE"},"content":{"rendered":"<h1 style=\"text-align: center;\"><span style=\"color: #800080;\">Coll\u00e8ge de proximit\u00e9 et CLE<\/span><\/h1>\n<h3 style=\"text-align: center;\"><span style=\"color: #800080;\">CLE&nbsp;: \u00ab&nbsp;Communaut\u00e9 Locale d\u2019Etablissements&nbsp;\u00bb<\/span><\/h3>\n<p>&nbsp;<\/p>\n<p>Afin d\u2019assurer une continuit\u00e9 dans les apprentissages ainsi qu\u2019un partenariat tant p\u00e9dagogique qu\u2019\u00e9conomique, les \u00e9tablissements catholiques du secteur se sont associ\u00e9s.<\/p>\n<p>L\u2019\u00e9cole St Louis de St M\u00eame le Tenu fait partie de la CLE de Machecoul, f\u00e9d\u00e9r\u00e9e autour du coll\u00e8ge St Joseph de Machecoul. Elle est anim\u00e9e par les chefs d\u2019\u00e9tablissement primaires et secondaires du secteur qui se rencontrent r\u00e9guli\u00e8rement.<\/p>\n<p>Les \u00e9coles catholiques de Loire-Atlantique \u00e9tablissent ainsi un maillage de 35 CLE.<\/p>\n<p>&nbsp;<\/p>\n<p><strong><span style=\"color: #800080;\">Les \u00e9tablissements de la CLE de Machecoul<\/span><\/strong><\/p>\n<p><em><u>Les \u00e9coles maternelles et \u00e9l\u00e9mentaires&nbsp;:<\/u><\/em><\/p>\n<ul>\n<li>St Louis, St M\u00eame le Tenu<\/li>\n<li>St Honor\u00e9, Machecoul<\/li>\n<li>Sacr\u00e9 C\u0153ur, Bourgneuf<\/li>\n<li>St Joseph, Fresnay<\/li>\n<li>Ste Julitte, St Cyr en Retz<\/li>\n<li>P\u00e8re Ceyrac, Paulx<\/li>\n<li>Ste Jeanne d\u2019Arc, La Marne<\/li>\n<li>Ste Marie, St Etienne de Mer Morte<\/li>\n<\/ul>\n<p><em><u>\u2026 Autour d\u2019un \u00e9tablissement secondaire&nbsp;:<\/u><\/em> Coll\u00e8ge Lyc\u00e9e St Joseph de Machecoul<br \/>\n14, rue des Capucins &#8211; 44 270 Machecoul<br \/>\nT\u00e9l : 02 40 78 50 18<br \/>\nSite : www.saintjoseph-machecoul.fr<\/p>\n<p>&nbsp;<\/p>\n<p><span style=\"color: #800080;\"><strong>Axes de travail<\/strong><\/span><\/p>\n<ul>\n<li>Continuit\u00e9 p\u00e9dagogique en lien avec les programmes 2015 (Entr\u00e9e en vigueur du nouveau cycle 3 \u2013 CM1\/CM2\/6e \u2013 \u00e0 la rentr\u00e9e de septembre 2016)<\/li>\n<li>L\u2019\u00e9valuation<\/li>\n<li>PPMS&nbsp;: Plan Particulier de Mise en S\u00fbret\u00e9<\/li>\n<li>\u2026<\/li>\n<\/ul>\n","protected":false},"excerpt":{"rendered":"<p>Coll\u00e8ge de proximit\u00e9 et CLE CLE&nbsp;: \u00ab&nbsp;Communaut\u00e9 Locale d\u2019Etablissements&nbsp;\u00bb &nbsp; Afin d\u2019assurer une continuit\u00e9 dans les apprentissages ainsi qu\u2019un partenariat tant p\u00e9dagogique qu\u2019\u00e9conomique, les \u00e9tablissements catholiques du secteur se sont associ\u00e9s. L\u2019\u00e9cole St Louis de St M\u00eame le Tenu fait partie de la CLE de Machecoul, f\u00e9d\u00e9r\u00e9e autour du coll\u00e8ge St Joseph de Machecoul. Elle<\/p>\n<p><a href=\"https:\/\/stmeme-stlouis.fr\/?page_id=109\" class=\"more-link themebutton\">Lire la suite<\/a><\/p>\n","protected":false},"author":2,"featured_media":0,"parent":0,"menu_order":0,"comment_status":"closed","ping_status":"closed","template":"","meta":{"footnotes":""},"_links":{"self":[{"href":"https:\/\/stmeme-stlouis.fr\/index.php?rest_route=\/wp\/v2\/pages\/109"}],"collection":[{"href":"https:\/\/stmeme-stlouis.fr\/index.php?rest_route=\/wp\/v2\/pages"}],"about":[{"href":"https:\/\/stmeme-stlouis.fr\/index.php?rest_route=\/wp\/v2\/types\/page"}],"author":[{"embeddable":true,"href":"https:\/\/stmeme-stlouis.fr\/index.php?rest_route=\/wp\/v2\/users\/2"}],"replies":[{"embeddable":true,"href":"https:\/\/stmeme-stlouis.fr\/index.php?rest_route=%2Fwp%2Fv2%2Fcomments&post=109"}],"version-history":[{"count":8,"href":"https:\/\/stmeme-stlouis.fr\/index.php?rest_route=\/wp\/v2\/pages\/109\/revisions"}],"predecessor-version":[{"id":3809,"href":"https:\/\/stmeme-stlouis.fr\/index.php?rest_route=\/wp\/v2\/pages\/109\/revisions\/3809"}],"wp:attachment":[{"href":"https:\/\/stmeme-stlouis.fr\/index.php?rest_route=%2Fwp%2Fv2%2Fmedia&parent=109"}],"curies":[{"name":"wp","href":"https:\/\/api.w.org\/{rel}","templated":true}]}}