{"id":3364,"date":"2021-05-30T10:05:30","date_gmt":"2021-05-30T09:05:30","guid":{"rendered":"http:\/\/stmeme-stlouis.fr\/?page_id=3364"},"modified":"2021-05-30T10:08:29","modified_gmt":"2021-05-30T09:08:29","slug":"ouverture-a-linternational","status":"publish","type":"page","link":"http:\/\/stmeme-stlouis.fr\/?page_id=3364","title":{"rendered":"Ouverture \u00e0 l&#8217;International"},"content":{"rendered":"<p>Depuis 2019, l&#8217;\u00e9cole m\u00e8ne une r\u00e9flexion autour de la d\u00e9marche d&#8217;ouverture \u00e0 l&#8217;International.<\/p>\n<p>Cette d\u00e9marche est accompagn\u00e9e par la Direction Dioc\u00e9saine de l&#8217;Enseignement Catholique de Loire-Atlantique qui propose d&#8217;engager les \u00e9tablissements qui le souhaitent vers l&#8217;obtention d&#8217;un label &#8220;Ouverture \u00e0 l&#8217;International&#8221;, lequel s&#8217;obtient sur dossier au vu des actions en place ou programm\u00e9es dans l&#8217;\u00e9tablissement.<\/p>\n<p><strong><span style=\"color: #33cccc;\">C&#8217;est officiel, l&#8217;\u00e9cole St Louis vient d&#8217;obtenir en mai 2021 et pour une dur\u00e9e de 3 ans, le label &#8220;\u00c9cole ouverte \u00e0 l&#8217;international&#8221;.<br \/>\n<\/span><\/strong><span style=\"color: #33cccc;\"><span style=\"color: #000000;\">Cela <\/span><\/span>tombe \u00e0 pic avec l&#8217;accueil de Gian en CE2, \u00e9l\u00e8ve allophone Suisse Allemand qui progresse vite en langue fran\u00e7aise.<\/p>\n<p>A ce titre, les \u00e9l\u00e8ves vivent ces derni\u00e8res ann\u00e9es :<\/p>\n<ul>\n<li>des assembl\u00e9es d&#8217;enfants durant lesquelles les \u00e9l\u00e8ves s&#8217;expriment en anglais pour pr\u00e9senter leur travail : chant, sayn\u00e8te, expos\u00e9, &#8230;<\/li>\n<li>une journ\u00e9e anglo-saxonne&nbsp; pouvant proposer : d\u00e9couverte d&#8217;une pays anglophone, breakfast anglais pris \u00e0 l&#8217;\u00e9cole, d\u00e9couverte de la culture anglaise (cin\u00e9ma, comptines, &#8230;)<\/li>\n<li>des lectures d&#8217;albums en anglais dans les classes<\/li>\n<li>&#8230;<\/li>\n<\/ul>\n<p>Au titre des actions programm\u00e9es :<\/p>\n<ul>\n<li>Accueil d&#8217;un \u00e9tudiant europ\u00e9en dans le cadre du programme Erasmus +<\/li>\n<li>Stage linguistique dans un pays europ\u00e9en pour l&#8217;\u00e9quipe enseignante<\/li>\n<li>S\u00e9jour \u00e0 l&#8217;\u00e9tranger pour les \u00e9l\u00e8ves (CM en priorit\u00e9)<\/li>\n<\/ul>\n<p>En esp\u00e9rant que les conditions sanitaires nous permettent une mise en \u0153uvre rapide de ces actions !<\/p>\n","protected":false},"excerpt":{"rendered":"<p>Depuis 2019, l&#8217;\u00e9cole m\u00e8ne une r\u00e9flexion autour de la d\u00e9marche d&#8217;ouverture \u00e0 l&#8217;International. Cette d\u00e9marche est accompagn\u00e9e par la Direction Dioc\u00e9saine de l&#8217;Enseignement Catholique de Loire-Atlantique qui propose d&#8217;engager les \u00e9tablissements qui le souhaitent vers l&#8217;obtention d&#8217;un label &#8220;Ouverture \u00e0 l&#8217;International&#8221;, lequel s&#8217;obtient sur dossier au vu des actions en place ou programm\u00e9es dans l&#8217;\u00e9tablissement.<\/p>\n<p><a href=\"http:\/\/stmeme-stlouis.fr\/?page_id=3364\" class=\"more-link themebutton\">Lire la suite<\/a><\/p>\n","protected":false},"author":2,"featured_media":0,"parent":0,"menu_order":0,"comment_status":"closed","ping_status":"closed","template":"","meta":{"footnotes":""},"_links":{"self":[{"href":"http:\/\/stmeme-stlouis.fr\/index.php?rest_route=\/wp\/v2\/pages\/3364"}],"collection":[{"href":"http:\/\/stmeme-stlouis.fr\/index.php?rest_route=\/wp\/v2\/pages"}],"about":[{"href":"http:\/\/stmeme-stlouis.fr\/index.php?rest_route=\/wp\/v2\/types\/page"}],"author":[{"embeddable":true,"href":"http:\/\/stmeme-stlouis.fr\/index.php?rest_route=\/wp\/v2\/users\/2"}],"replies":[{"embeddable":true,"href":"http:\/\/stmeme-stlouis.fr\/index.php?rest_route=%2Fwp%2Fv2%2Fcomments&post=3364"}],"version-history":[{"count":2,"href":"http:\/\/stmeme-stlouis.fr\/index.php?rest_route=\/wp\/v2\/pages\/3364\/revisions"}],"predecessor-version":[{"id":3367,"href":"http:\/\/stmeme-stlouis.fr\/index.php?rest_route=\/wp\/v2\/pages\/3364\/revisions\/3367"}],"wp:attachment":[{"href":"http:\/\/stmeme-stlouis.fr\/index.php?rest_route=%2Fwp%2Fv2%2Fmedia&parent=3364"}],"curies":[{"name":"wp","href":"https:\/\/api.w.org\/{rel}","templated":true}]}}